{"id":26,"date":"2025-04-23T05:46:16","date_gmt":"2025-04-23T05:46:16","guid":{"rendered":"https:\/\/oldtimer.semriach.com\/?page_id=26"},"modified":"2025-09-01T08:14:14","modified_gmt":"2025-09-01T08:14:14","slug":"sponsoren","status":"publish","type":"page","link":"https:\/\/oldtimer.semriach.com\/?page_id=26","title":{"rendered":"Sponsoren"},"content":{"rendered":"\n<h2 class=\"wp-block-heading\">Unsere Sponsoren<\/h2>\n\n\n\n<p>Fa. Peter Wibner<br>Zimmermeister<br>Dreih\u00f6fenstra\u00dfe 2<br>8102 Semriach<\/p>\n\n\n\n<p><br>Tischlerei Johann Pabst GmbH &amp; Co KG<br>Vorderer Wei\u00dfeck 8<br>8102 Semriach<\/p>\n\n\n\n<p><br>LEINDL KG<br>Tischlerei &amp; M\u00f6belstudio<br>Tiefweg 3<br>8103 Semriach<\/p>\n\n\n\n<p><br>Elektrotechnik-Martin Pichler GmbH<br>Panoramaweg 10<br>8102 Semriach<\/p>\n\n\n\n<p><br>SG Putz Glettler GmbH<br>Semriacherstra\u00dfe 100<br>8102 Semriach<\/p>\n\n\n\n<p><br>ARCH+MORE ZT GmbH<br>Arch. DI Gerhard Kopeinig<br>Dr. Karl-Renner-Weg 14<br>9220 Velden am W\u00f6rthersee<\/p>\n\n\n\n<p><br>Reparaturtischlerei Schinnerl GmbH<br>Au 50b<br>8112 Gratwein-Stra\u00dfengel<\/p>\n\n\n\n<p><br>Raiffeisenbank Semriach<br>z.H. Frau Eisenberger Manuela<br>Markt 8<br>8102 Semriach<\/p>\n\n\n\n<p><br>Johann Pr\u00fcgger<br>Baumeister &amp; Sachverst\u00e4ndiger<br>Oberneudorf 5<br>8162 Passail<\/p>\n\n\n\n<p><br>Allianz Agentur Frohnleiten<br>Arno Pirstinger<br>Mauritzener Hauptstra\u00dfe 5<br>8130 Frohnleiten<\/p>\n\n\n\n<p><br>S\u00e4gewerk Rauch<br>Semriacherstra\u00dfe 15<br>8102 Semriach<\/p>\n\n\n\n<p><br>Generali Versicherung AG<br>Bezirksdirektor Ewald Glettler<br>Weinz\u00f6ttlstra\u00dfe 3a<br>8045 Graz<\/p>\n\n\n\n<p><br>Fa. Andreas Krinner<br>Erdbau &amp; Transporte e.U.<br>Taschenstra\u00dfe 21<br>8102 Semriach<\/p>\n\n\n\n<p><br>Bernhard Piber GmbH<br>Kirchengasse 24<br>A-8102 Semriach<\/p>\n\n\n\n<p><br>Franz Pfleger B\u00e4ckerei GmbH<br>Markt 31<br>8102 Semriach<\/p>\n\n\n\n<p><br>Metalltechnik Hirschbauer<br>Schitterdorf 6<br>8163 Rechberg<\/p>\n\n\n\n<p><br>HAUPT Semriach GmbH &amp; Co KG<br>Semriacherstra\u00dfe 1<br>8102 Semriach<\/p>\n\n\n\n<p><br>Steinbruch Harrer Betriebs GesmbH<br>Semriacherstra\u00dfe 122<br>8102 Semriach<\/p>\n\n\n\n<p><br>Der Hafnermeister &#8211; Reinhard Gangl<br>Neudorfstra\u00dfe 91<br>8102 Semriach<\/p>\n\n\n\n<p><br>HES &#8211; Heinz Eisenberger Service<br>K\u00c4RCHER Service &amp; Verkauf<br>Windhofstra\u00dfe 22<br>8102 Semriach<\/p>\n\n\n\n<p><br>Bau &amp; Dach GmbH.<br>Weinitzenstra\u00dfe 55<br>8045 Graz<\/p>\n\n\n\n<p><br>Autohaus Auer GmbH<br>Kirchengasse 22<br>8102 Semriach<\/p>\n\n\n\n<p><br>Tischlerwerkst\u00e4tte Peter Kahr GmbH<br>Neudorfstra\u00dfe 20<br>8102 Semriach<\/p>\n\n\n\n<p><br>Lurgrotte Semriach<br>Andreas Schinnerl<br>P\u00f6llauerstra\u00dfe 50<\/p>\n\n\n\n<p><br>8102 Semriach<br>Lohnunternehmen Niederl<br>Oberer Windhof 31<br>8102 Semriach<\/p>\n\n\n\n<p><\/p>\n","protected":false},"excerpt":{"rendered":"<p>Unsere Sponsoren Fa. Peter WibnerZimmermeisterDreih\u00f6fenstra\u00dfe 28102 Semriach Tischlerei Johann Pabst GmbH &amp; Co KGVorderer Wei\u00dfeck 88102 Semriach LEINDL KGTischlerei &amp; M\u00f6belstudioTiefweg 38103 Semriach Elektrotechnik-Martin Pichler GmbHPanoramaweg 108102 Semriach SG Putz Glettler GmbHSemriacherstra\u00dfe 1008102 Semriach ARCH+MORE ZT GmbHArch. DI Gerhard KopeinigDr. Karl-Renner-Weg 149220 Velden am W\u00f6rthersee Reparaturtischlerei Schinnerl GmbHAu 50b8112 Gratwein-Stra\u00dfengel Raiffeisenbank Semriachz.H. Frau Eisenberger ManuelaMarkt [&hellip;]<\/p>\n","protected":false},"author":1,"featured_media":0,"parent":0,"menu_order":0,"comment_status":"closed","ping_status":"closed","template":"","meta":{"footnotes":""},"class_list":["post-26","page","type-page","status-publish","hentry"],"_links":{"self":[{"href":"https:\/\/oldtimer.semriach.com\/index.php?rest_route=\/wp\/v2\/pages\/26","targetHints":{"allow":["GET"]}}],"collection":[{"href":"https:\/\/oldtimer.semriach.com\/index.php?rest_route=\/wp\/v2\/pages"}],"about":[{"href":"https:\/\/oldtimer.semriach.com\/index.php?rest_route=\/wp\/v2\/types\/page"}],"author":[{"embeddable":true,"href":"https:\/\/oldtimer.semriach.com\/index.php?rest_route=\/wp\/v2\/users\/1"}],"replies":[{"embeddable":true,"href":"https:\/\/oldtimer.semriach.com\/index.php?rest_route=%2Fwp%2Fv2%2Fcomments&post=26"}],"version-history":[{"count":4,"href":"https:\/\/oldtimer.semriach.com\/index.php?rest_route=\/wp\/v2\/pages\/26\/revisions"}],"predecessor-version":[{"id":53,"href":"https:\/\/oldtimer.semriach.com\/index.php?rest_route=\/wp\/v2\/pages\/26\/revisions\/53"}],"wp:attachment":[{"href":"https:\/\/oldtimer.semriach.com\/index.php?rest_route=%2Fwp%2Fv2%2Fmedia&parent=26"}],"curies":[{"name":"wp","href":"https:\/\/api.w.org\/{rel}","templated":true}]}}